{"id":563,"date":"2024-06-15T13:49:11","date_gmt":"2024-06-15T13:49:11","guid":{"rendered":"https:\/\/brightidiots.com\/?page_id=563"},"modified":"2024-06-17T10:49:12","modified_gmt":"2024-06-17T10:49:12","slug":"over-ons","status":"publish","type":"page","link":"https:\/\/brightidiots.com\/de\/over-ons\/","title":{"rendered":"\u00dcber uns"},"content":{"rendered":"<div class=\"gb-container gb-container-f3c01153\">\n<div class=\"gb-container gb-container-77fc42c6\">\n\n<h1 class=\"gb-headline gb-headline-c5447f0c gb-headline-text\">\u00fcber uns<mark style=\"background-color:rgba(0, 0, 0, 0)\" class=\"has-inline-color has-accent-color\">.<\/mark><\/h1>\n\n<\/div>\n<\/div>\n\n<div class=\"gb-container gb-container-0b5bd762\">\n<div class=\"gb-container gb-container-54b1c155\"><\/div>\n<\/div>\n\n<div class=\"gb-container gb-container-5412d02f\">\n<div class=\"gb-container gb-container-00a02faa\">\n<div class=\"gb-container gb-container-a394d095\">\n\n<h2 class=\"gb-headline gb-headline-228ce520 gb-headline-text\">bright idiots<mark style=\"background-color:rgba(0, 0, 0, 0)\" class=\"has-inline-color has-accent-color\">.<\/mark><\/h2>\n\n\n\n<p class=\"gb-headline gb-headline-7c66b26e gb-headline-text\">Bright Idiots entstand aus einer gemeinsamen Vision \u00fcber Publishing und Online-Marketing. Wir sahen M\u00f6glichkeiten f\u00fcr Unternehmen, viel mehr aus dem Online-Marketing herauszuholen, zum Teil aufgrund unserer jahrelangen Erfahrung als gro\u00dfe Publisher.<br><br>Das hat uns, Ruud und Willem, dazu veranlasst, eine Reihe von eigenen Websites einzurichten. Da wir uns schon lange kennen, unsere erste Erinnerung war im Alter von 4 Jahren, k\u00f6nnen wir uns gut verstehen und haben beide unsere eigenen Spezialgebiete. Mit dieser Kombination haben wir bereits mehrere Online-Erfolge erzielt!<br><br>Ruud ist der Gr\u00fcnder von Androidworld (2008), einer Plattform, die zum Zeitpunkt seines Ausscheidens 1,2 Millionen monatliche Besucher verzeichnete. In den 10 Jahren bei Androidworld lernte er viel \u00fcber die Ins und Outs der Online-Welt in Bezug auf Publishing, Marketing, Sales und Conversion.<br><br>Willem kommt aus dem Bereich Corporate Finance ( Mergers &amp; Acquisitions), was ihm eine v\u00f6llig andere Perspektive er\u00f6ffnet. Er ist von Natur aus analytisch und verf\u00fcgt \u00fcber ein ausgepr\u00e4gtes strategisches Verst\u00e4ndnis und ein Gesp\u00fcr f\u00fcr Sales und Marketing, was bei Bright Idiots eine sch\u00f6ne Synergie schafft.<\/p>\n\n<\/div>\n\n<div class=\"gb-container gb-container-8d36f006\"><\/div>\n<\/div>\n<\/div>\n\n<div class=\"gb-container gb-container-a6df5db0\">\n<div class=\"gb-container gb-container-705b7f1f\">\n<div class=\"gb-container gb-container-3ea61d67\">\n\n<figure class=\"gb-block-image gb-block-image-9c3d471d\"><img loading=\"lazy\" decoding=\"async\" width=\"677\" height=\"427\" class=\"gb-image gb-image-9c3d471d\" src=\"https:\/\/brightidiots.com\/wp-content\/uploads\/2024\/06\/Bright-Idiots-Willem-en-Ruud.jpg\" alt=\"\" title=\"Bright Idiots - Willem en Ruud\" srcset=\"https:\/\/brightidiots.com\/wp-content\/uploads\/2024\/06\/Bright-Idiots-Willem-en-Ruud.jpg 677w, https:\/\/brightidiots.com\/wp-content\/uploads\/2024\/06\/Bright-Idiots-Willem-en-Ruud-300x189.jpg 300w\" sizes=\"auto, (max-width: 677px) 100vw, 677px\" \/><\/figure>\n\n<\/div>\n\n<div class=\"gb-container gb-container-da40a420\">\n\n<h2 class=\"gb-headline gb-headline-9dd25311 gb-headline-text\">wie es begann<mark style=\"background-color:rgba(0, 0, 0, 0)\" class=\"has-inline-color has-accent-color\">.<\/mark><\/h2>\n\n\n\n<p class=\"gb-headline gb-headline-76c5ba40 gb-headline-text\">Willem und Ruud kennen sich schon lange, unsere erste richtige Erinnerung war im Alter von 4 Jahren. Das sorgt daf\u00fcr, dass wir neben dem gemeinsamen br\u00fcderlichen Klavierspiel seither viele erfolgreiche Projekte gemeinsam in Angriff genommen haben.<br><br>Die beiden unterschiedlichen Hintergr\u00fcnde bieten eine gro\u00dfartige Kombination, um erfolgreiche Kampagnen und Projekte zu erstellen.<\/p>\n\n<\/div>\n<\/div>\n<\/div>\n\n<div class=\"gb-container gb-container-a4015719\">\n<div class=\"gb-container gb-container-aa20d2a6\">\n<div class=\"gb-container gb-container-23b67acd\">\n\n<h2 class=\"gb-headline gb-headline-ccf273be gb-headline-text\">wof\u00fcr wir stehen<mark style=\"background-color:rgba(0, 0, 0, 0)\" class=\"has-inline-color has-accent-color\">.<\/mark><\/h2>\n\n\n\n<p class=\"gb-headline gb-headline-fb4d33bd gb-headline-text\">Wir finden es besonders wichtig, dass wir das, was wir unseren Kunden anbieten, selbst erlebt haben. Daher ist die Kombination zwischen unserem eigenen Portfolio und den Projekten, die wir f\u00fcr Kunden durchf\u00fchren, eine angenehme Mischung.<br><br>Der Slogan: 'Practice what you preach' gilt hier also voll und ganz. Au\u00dferdem stehen wir f\u00fcr:<\/p>\n\n\n\n<ul class=\"wp-block-list\">\n<li>Transparenz und Deutlichkeit<\/li>\n\n\n\n<li>Rasche Kommunikation<\/li>\n\n\n\n<li>Mitdenken ist unser wichtigstes Anliegen<\/li>\n<\/ul>\n\n\n\n<p class=\"gb-headline gb-headline-ab4fea0d gb-headline-text\">Mit dieser Kombination haben wir schon tolle Projekte realisiert und interessante Titel auf den Markt gebracht. <\/p>\n\n<\/div>\n\n<div class=\"gb-container gb-container-eca6f10f\"><\/div>\n<\/div>\n<\/div>\n\n<div class=\"gb-container gb-container-25f6cc25\">\n<div class=\"gb-container gb-container-21d7fbca\">\n<div class=\"gb-container gb-container-9acb31f7 overons-profiel\">\n<div class=\"gb-container gb-container-14123640\">\n\n<h4 class=\"gb-headline gb-headline-875d5d81 gb-headline-text\">Ruud Caris<\/h4>\n\n\n\n<p class=\"gb-headline gb-headline-af45e3ab gb-headline-text\">Co-founder<\/p>\n\n<\/div>\n<\/div>\n\n<div class=\"gb-container gb-container-400a5473 overons-profiel\">\n<div class=\"gb-container gb-container-9e0957ea\">\n\n<h4 class=\"gb-headline gb-headline-cda9cbb4 gb-headline-text\">Willem Hamilton<\/h4>\n\n\n\n<p class=\"gb-headline gb-headline-92bfcee1 gb-headline-text\">Co-founder<\/p>\n\n<\/div>\n<\/div>\n<\/div>\n<\/div>","protected":false},"excerpt":{"rendered":"<p>over ons. bright idiots. Bright Idiots is ontstaan uit een gezamenlijke visie over publishing en online marketing. We zagen mogelijkheden voor bedrijven om veel meer uit de online marketing te halen, mede door de jarenlange ervaring als grote publisher. Dit zorgde ervoor dat wij, Ruud en Willem, een aantal eigen sites hebben opgericht. Doordat we &#8230; <a title=\"\u00dcber uns\" class=\"read-more\" href=\"https:\/\/brightidiots.com\/de\/over-ons\/\" aria-label=\"Mehr Informationen \u00fcber Over ons\">Weiterlesen &#8230;<\/a><\/p>","protected":false},"author":2,"featured_media":0,"parent":0,"menu_order":0,"comment_status":"closed","ping_status":"closed","template":"","meta":{"_kad_blocks_custom_css":"","_kad_blocks_head_custom_js":"","_kad_blocks_body_custom_js":"","_kad_blocks_footer_custom_js":"","footnotes":""},"class_list":["post-563","page","type-page","status-publish"],"taxonomy_info":[],"featured_image_src_large":false,"author_info":{"display_name":"Willem Hamilton","author_link":"https:\/\/brightidiots.com\/de\/author\/willem\/"},"comment_info":0,"_links":{"self":[{"href":"https:\/\/brightidiots.com\/de\/wp-json\/wp\/v2\/pages\/563","targetHints":{"allow":["GET"]}}],"collection":[{"href":"https:\/\/brightidiots.com\/de\/wp-json\/wp\/v2\/pages"}],"about":[{"href":"https:\/\/brightidiots.com\/de\/wp-json\/wp\/v2\/types\/page"}],"author":[{"embeddable":true,"href":"https:\/\/brightidiots.com\/de\/wp-json\/wp\/v2\/users\/2"}],"replies":[{"embeddable":true,"href":"https:\/\/brightidiots.com\/de\/wp-json\/wp\/v2\/comments?post=563"}],"version-history":[{"count":25,"href":"https:\/\/brightidiots.com\/de\/wp-json\/wp\/v2\/pages\/563\/revisions"}],"predecessor-version":[{"id":676,"href":"https:\/\/brightidiots.com\/de\/wp-json\/wp\/v2\/pages\/563\/revisions\/676"}],"wp:attachment":[{"href":"https:\/\/brightidiots.com\/de\/wp-json\/wp\/v2\/media?parent=563"}],"curies":[{"name":"wp","href":"https:\/\/api.w.org\/{rel}","templated":true}]}}